{"id":4903,"date":"2022-04-13T09:52:44","date_gmt":"2022-04-13T09:52:44","guid":{"rendered":"https:\/\/sadcmaria.qc.ca\/?page_id=4903"},"modified":"2025-07-16T17:41:23","modified_gmt":"2025-07-16T17:41:23","slug":"external-tools-for-municipalities","status":"publish","type":"page","link":"https:\/\/sadcmaria.qc.ca\/en\/external-tools-for-municipalities\/","title":{"rendered":"External tools for municipalities"},"content":{"rendered":"<p>[et_pb_section fb_built=&#8221;1&#8243; admin_label=&#8221;Header&#8221; _builder_version=&#8221;4.27.4&#8243; background_color=&#8221;RGBA(255,255,255,0)&#8221; background_image=&#8221;https:\/\/sadcmaria.qc.ca\/wp-content\/uploads\/2023\/04\/DSC5456-scaled.jpg&#8221; custom_padding=&#8221;54px||54px||true|&#8221; global_colors_info=&#8221;{}&#8221;][et_pb_row _builder_version=&#8221;4.27.2&#8243; _module_preset=&#8221;default&#8221; custom_padding=&#8221;0px||14px|||&#8221; global_colors_info=&#8221;{}&#8221;][et_pb_column type=&#8221;4_4&#8243; _builder_version=&#8221;4.16&#8243; _module_preset=&#8221;default&#8221; global_colors_info=&#8221;{}&#8221;][et_pb_text _builder_version=&#8221;4.16&#8243; _module_preset=&#8221;default&#8221; text_font_size=&#8221;10px&#8221; text_line_height=&#8221;1.6em&#8221; custom_padding=&#8221;||19px|0px||&#8221; text_text_shadow_style=&#8221;preset1&#8243; text_text_shadow_blur_strength=&#8221;0em&#8221; inline_fonts=&#8221;Unis sans ttf,Heebo&#8221; global_colors_info=&#8221;{}&#8221;]<\/p>\n<p style=\"text-align: center;\"><span style=\"color: #000000;\">S\u00a0<\/span><\/p>\n<p style=\"text-align: center;\"><span style=\"color: #000000;\"><\/span><\/p>\n<p style=\"text-align: center;\"><span style=\"color: #000000;\">\u00a0<\/span><\/p>\n<p style=\"text-align: center;\"><span style=\"color: #000000;\">\u00a0<\/span><\/p>\n<h1 style=\"text-align: center;\"><span style=\"color: #ffffff; font-family: Heebo; font-size: xx-large;\"><b>EXTERNAL TOOLS FOR MUNICIPALITIES<\/b><\/span><\/h1>\n<p style=\"text-align: center;\"><span style=\"color: #000000;\">\u00a0<\/span><\/p>\n<p>[\/et_pb_text][\/et_pb_column][\/et_pb_row][\/et_pb_section][et_pb_section fb_built=&#8221;1&#8243; admin_label=&#8221;Blog&#8221; _builder_version=&#8221;4.27.4&#8243; background_color=&#8221;#FFFFFF&#8221; background_enable_image=&#8221;off&#8221; min_height=&#8221;597px&#8221; custom_margin=&#8221;-5px||1px|||&#8221; custom_padding=&#8221;60px|||||&#8221; custom_width_px__hover=&#8221;1080px&#8221; custom_width_px__hover_enabled=&#8221;1080px&#8221; custom_width_percent__hover=&#8221;80%&#8221; custom_width_percent__hover_enabled=&#8221;80%&#8221; global_colors_info=&#8221;{}&#8221; gutter_width__hover=&#8221;3&#8243; gutter_width__hover_enabled=&#8221;3&#8243; parallax_1__hover=&#8221;off&#8221; parallax_1__hover_enabled=&#8221;off&#8221; parallax_2__hover=&#8221;off&#8221; parallax_2__hover_enabled=&#8221;off&#8221; parallax_3__hover=&#8221;off&#8221; parallax_3__hover_enabled=&#8221;off&#8221; parallax_method_1__hover=&#8221;on&#8221; parallax_method_1__hover_enabled=&#8221;on&#8221; parallax_method_2__hover=&#8221;on&#8221; parallax_method_2__hover_enabled=&#8221;on&#8221; parallax_method_3__hover=&#8221;on&#8221; parallax_method_3__hover_enabled=&#8221;on&#8221; background_size__hover=&#8221;cover&#8221; background_size__hover_enabled=&#8221;cover&#8221; background_position__hover=&#8221;center&#8221; background_position__hover_enabled=&#8221;center&#8221; use_background_color_gradient__hover=&#8221;off&#8221; use_background_color_gradient__hover_enabled=&#8221;off&#8221; background_color_gradient_start__hover=&#8221;#2b87da&#8221; background_color_gradient_start__hover_enabled=&#8221;#2b87da&#8221; background_color_gradient_end__hover=&#8221;#29c4a9&#8243; background_color_gradient_end__hover_enabled=&#8221;#29c4a9&#8243; background_color_gradient_type__hover=&#8221;linear&#8221; background_color_gradient_type__hover_enabled=&#8221;linear&#8221; background_color_gradient_direction__hover=&#8221;180deg&#8221; background_color_gradient_direction__hover_enabled=&#8221;180deg&#8221; background_color_gradient_direction_radial__hover=&#8221;center&#8221; background_color_gradient_direction_radial__hover_enabled=&#8221;center&#8221; background_color_gradient_start_position__hover=&#8221;0%&#8221; background_color_gradient_start_position__hover_enabled=&#8221;0%&#8221; background_color_gradient_end_position__hover=&#8221;100%&#8221; background_color_gradient_end_position__hover_enabled=&#8221;100%&#8221; background_color_gradient_overlays_image__hover=&#8221;off&#8221; background_color_gradient_overlays_image__hover_enabled=&#8221;off&#8221; parallax__hover=&#8221;off&#8221; parallax__hover_enabled=&#8221;off&#8221; parallax_method__hover=&#8221;on&#8221; parallax_method__hover_enabled=&#8221;on&#8221; background_repeat__hover=&#8221;no-repeat&#8221; background_repeat__hover_enabled=&#8221;no-repeat&#8221; background_blend__hover=&#8221;normal&#8221; background_blend__hover_enabled=&#8221;normal&#8221; allow_player_pause__hover=&#8221;off&#8221; allow_player_pause__hover_enabled=&#8221;off&#8221; background_video_pause_outside_viewport__hover=&#8221;on&#8221; background_video_pause_outside_viewport__hover_enabled=&#8221;on&#8221; inner_shadow__hover=&#8221;off&#8221; inner_shadow__hover_enabled=&#8221;off&#8221; make_fullwidth__hover=&#8221;off&#8221; make_fullwidth__hover_enabled=&#8221;off&#8221; use_custom_width__hover=&#8221;off&#8221; use_custom_width__hover_enabled=&#8221;off&#8221; width_unit__hover=&#8221;on&#8221; width_unit__hover_enabled=&#8221;on&#8221; make_equal__hover=&#8221;off&#8221; make_equal__hover_enabled=&#8221;off&#8221; use_custom_gutter__hover=&#8221;off&#8221; use_custom_gutter__hover_enabled=&#8221;off&#8221; border_radii__hover=&#8221;on||||&#8221; border_radii__hover_enabled=&#8221;on||||&#8221; box_shadow_style__hover=&#8221;none&#8221; box_shadow_style__hover_enabled=&#8221;none&#8221; box_shadow_color__hover=&#8221;rgba(0,0,0,0.3)&#8221; box_shadow_color__hover_enabled=&#8221;rgba(0,0,0,0.3)&#8221; max_width__hover=&#8221;100%&#8221; max_width__hover_enabled=&#8221;100%&#8221; filter_hue_rotate__hover=&#8221;0deg&#8221; filter_hue_rotate__hover_enabled=&#8221;0deg&#8221; filter_saturate__hover=&#8221;100%&#8221; filter_saturate__hover_enabled=&#8221;100%&#8221; filter_brightness__hover=&#8221;100%&#8221; filter_brightness__hover_enabled=&#8221;100%&#8221; filter_contrast__hover=&#8221;100%&#8221; filter_contrast__hover_enabled=&#8221;100%&#8221; filter_invert__hover=&#8221;0%&#8221; filter_invert__hover_enabled=&#8221;0%&#8221; filter_sepia__hover=&#8221;0%&#8221; filter_sepia__hover_enabled=&#8221;0%&#8221; filter_opacity__hover=&#8221;100%&#8221; filter_opacity__hover_enabled=&#8221;100%&#8221; filter_blur__hover=&#8221;0px&#8221; filter_blur__hover_enabled=&#8221;0px&#8221; mix_blend_mode__hover=&#8221;normal&#8221; mix_blend_mode__hover_enabled=&#8221;normal&#8221; animation_style__hover=&#8221;none&#8221; animation_style__hover_enabled=&#8221;none&#8221; animation_repeat__hover=&#8221;once&#8221; animation_repeat__hover_enabled=&#8221;once&#8221; animation_direction__hover=&#8221;center&#8221; animation_direction__hover_enabled=&#8221;center&#8221; animation_duration__hover=&#8221;1000ms&#8221; animation_duration__hover_enabled=&#8221;1000ms&#8221; animation_delay__hover=&#8221;0ms&#8221; animation_delay__hover_enabled=&#8221;0ms&#8221; animation_intensity_slide__hover=&#8221;50%&#8221; animation_intensity_slide__hover_enabled=&#8221;50%&#8221; animation_intensity_zoom__hover=&#8221;50%&#8221; animation_intensity_zoom__hover_enabled=&#8221;50%&#8221; animation_intensity_flip__hover=&#8221;50%&#8221; animation_intensity_flip__hover_enabled=&#8221;50%&#8221; animation_intensity_fold__hover=&#8221;50%&#8221; animation_intensity_fold__hover_enabled=&#8221;50%&#8221; animation_intensity_roll__hover=&#8221;50%&#8221; animation_intensity_roll__hover_enabled=&#8221;50%&#8221; animation_starting_opacity__hover=&#8221;0%&#8221; animation_starting_opacity__hover_enabled=&#8221;0%&#8221; animation_speed_curve__hover=&#8221;ease-in-out&#8221; animation_speed_curve__hover_enabled=&#8221;ease-in-out&#8221; hover_transition_duration__hover=&#8221;300ms&#8221; hover_transition_duration__hover_enabled=&#8221;300ms&#8221; hover_transition_delay__hover=&#8221;0ms&#8221; hover_transition_delay__hover_enabled=&#8221;0ms&#8221; hover_transition_speed_curve__hover=&#8221;ease&#8221; hover_transition_speed_curve__hover_enabled=&#8221;ease&#8221; background_color_gradient_stops__hover=&#8221;#2b87da 0%|#29c4a9 100%&#8221;][et_pb_row _builder_version=&#8221;4.17.0&#8243; _module_preset=&#8221;default&#8221; custom_padding=&#8221;2px|||||&#8221; global_colors_info=&#8221;{}&#8221;][et_pb_column type=&#8221;4_4&#8243; _builder_version=&#8221;4.17.0&#8243; _module_preset=&#8221;default&#8221; global_colors_info=&#8221;{}&#8221;][et_pb_text _builder_version=&#8221;4.27.4&#8243; _module_preset=&#8221;default&#8221; custom_padding=&#8221;15px||9px|||&#8221; inline_fonts=&#8221;Heebo&#8221; global_colors_info=&#8221;{}&#8221;]<\/p>\n<p style=\"text-align: center;\"><strong><span style=\"font-size: xx-large; color: #3e3e3e;\">External organizations<\/span><\/strong><\/p>\n<p style=\"text-align: center;\"><strong><span style=\"font-size: xx-large; color: #3e3e3e;\">Financing and support<\/span><\/strong><\/p>\n<p>[\/et_pb_text][et_pb_text _builder_version=&#8221;4.27.4&#8243; _module_preset=&#8221;default&#8221; background_color=&#8221;#FFFFFF&#8221; custom_margin=&#8221;||||false|false&#8221; custom_padding=&#8221;13px|20px|6px|20px|false|false&#8221; hover_enabled=&#8221;0&#8243; border_radii=&#8221;on|12px|12px|12px|12px&#8221; border_color_all=&#8221;#FFFFFF&#8221; box_shadow_style=&#8221;preset1&#8243; inline_fonts=&#8221;Heebo&#8221; global_colors_info=&#8221;{}&#8221; sticky_enabled=&#8221;0&#8243;]<\/p>\n<p style=\"text-align: center;\"><span style=\"color: #69a517;\"><strong><span style=\"font-size: x-large;\">LOCAL CORPORATIONS<\/span><\/strong><\/span><\/p>\n<p style=\"text-align: center;\"><span style=\"font-size: large;\">Each year, the Normandin-based Integrated Resource Management Agency (AGIR) distributes money to local forest and economic corporations that are members of the agency. These amounts should be used to support communities in their development.<\/span><\/p>\n<h5 style=\"text-align: center;\"><span style=\"font-size: large; color: #333333;\"><strong><span style=\"font-family: Heebo;\"><a href=\"https:\/\/sadcmaria.qc.ca\/en\/municipalities-corporations\/\" target=\"_blank\" rel=\"noopener\" style=\"color: #333333;\">Consult the list of corporations \u2192<\/a><\/span><\/strong><\/span><\/h5>\n<p><span style=\"color: #ffffff;\"><\/span><\/p>\n<p>[\/et_pb_text][\/et_pb_column][\/et_pb_row][et_pb_row _builder_version=&#8221;4.27.4&#8243; _module_preset=&#8221;default&#8221; background_color=&#8221;RGBA(255,255,255,0)&#8221; global_colors_info=&#8221;{}&#8221;][et_pb_column type=&#8221;4_4&#8243; _builder_version=&#8221;4.27.4&#8243; _module_preset=&#8221;default&#8221; background_color=&#8221;RGBA(255,255,255,0)&#8221; global_colors_info=&#8221;{}&#8221;][et_pb_text _builder_version=&#8221;4.27.4&#8243; _module_preset=&#8221;default&#8221; background_color=&#8221;#FFFFFF&#8221; custom_margin=&#8221;||||false|false&#8221; custom_padding=&#8221;27px|20px|10px|20px|false|false&#8221; border_radii=&#8221;on|12px|12px|12px|12px&#8221; border_color_all=&#8221;#FFFFFF&#8221; box_shadow_style=&#8221;preset1&#8243; inline_fonts=&#8221;Heebo&#8221; global_colors_info=&#8221;{}&#8221;]<\/p>\n<p style=\"text-align: center;\"><span style=\"color: #69a517;\"><strong><span style=\"font-size: x-large;\">\u00a0DESJARDINS\u00a0<\/span><\/strong><\/span><\/p>\n<p style=\"text-align: center;\"><span style=\"font-size: large;\">The Caisses Desjardins have a fund to help develop the community. They organize two calls for proposals each year (from April 1 to 30 and from October 1 to 31) to provide financial support for structuring projects in local municipalities.<\/span><\/p>\n<p style=\"text-align: center;\"><span style=\"font-size: large; color: #333333;\"><strong><span style=\"font-family: Heebo;\"><\/span><\/strong><\/span><\/p>\n<h5 style=\"text-align: center;\"><span style=\"font-size: large; color: #333333;\"><strong><span style=\"font-family: Heebo;\"><a href=\"https:\/\/www.desjardins.com\/votre-caisse\/engagement-communaute\/?transit=81570020\" target=\"_blank\" rel=\"noopener\" style=\"color: #333333;\">Caisse populaire Desjardins du Nord du Lac-Saint-Jean \u2192<\/a><a href=\"https:\/\/www.desjardins.com\/votre-caisse\/engagement-communaute\/index.jsp?transit=81570061#milieu\" target=\"_blank\" rel=\"noopener\" style=\"color: #333333;\"><\/a><\/span><\/strong><\/span><\/h5>\n<h5 style=\"text-align: center;\"><span style=\"font-size: large; color: #333333;\"><strong><span style=\"font-family: Heebo;\"><a href=\"https:\/\/www.desjardins.com\/votre-caisse\/engagement-communaute\/index.jsp?transit=81570061#milieu\" target=\"_blank\" rel=\"noopener\" style=\"color: #333333;\">Caisse populaire Desjardins des Plaines bor\u00e9ales \u2192<\/a><\/span><\/strong><\/span><\/h5>\n<p><span style=\"color: #ffffff;\"><\/span><\/p>\n<p>[\/et_pb_text][\/et_pb_column][\/et_pb_row][et_pb_row _builder_version=&#8221;4.27.4&#8243; _module_preset=&#8221;default&#8221; global_colors_info=&#8221;{}&#8221;][et_pb_column type=&#8221;4_4&#8243; _builder_version=&#8221;4.27.4&#8243; _module_preset=&#8221;default&#8221; global_colors_info=&#8221;{}&#8221;][et_pb_text _builder_version=&#8221;4.27.4&#8243; _module_preset=&#8221;default&#8221; background_color=&#8221;#FFFFFF&#8221; custom_margin=&#8221;1px||||false|false&#8221; custom_padding=&#8221;23px|20px|20px|20px|false|false&#8221; border_radii=&#8221;on|12px|12px|12px|12px&#8221; border_color_all=&#8221;#FFFFFF&#8221; box_shadow_style=&#8221;preset1&#8243; inline_fonts=&#8221;Heebo&#8221; global_colors_info=&#8221;{}&#8221;]<\/p>\n<p style=\"text-align: center;\"><span style=\"color: #69a517;\"><strong><span style=\"font-size: x-large;\">ONE HUNDRED DEGREES<\/span><\/strong><\/span><\/p>\n<p style=\"text-align: center;\"><span style=\"font-size: large;\">Quebec organization, which with the financial support of the Minist\u00e8re de la Sant\u00e9 et des Services sociaux du Qu\u00e9bec, supports various stakeholders in the implementation of community health projects.<\/span><\/p>\n<p style=\"text-align: center;\"><span style=\"color: #333333;\"><strong><span style=\"font-family: Heebo; font-size: large;\"><\/span><\/strong><\/span><\/p>\n<h5 style=\"text-align: center;\"><span style=\"color: #333333;\"><strong><span style=\"font-family: Heebo; font-size: large;\"><a href=\"https:\/\/centdegres.ca\/financement\/appels-de-projets\" target=\"_blank\" rel=\"noopener\" style=\"color: #333333;\">Learn more \u2192<\/a><\/span><\/strong><\/span><span style=\"color: #ffffff;\"><strong><\/strong><\/span><\/h5>\n<p>[\/et_pb_text][\/et_pb_column][\/et_pb_row][\/et_pb_section][et_pb_section fb_built=&#8221;1&#8243; _builder_version=&#8221;4.27.2&#8243; _module_preset=&#8221;default&#8221; background_color=&#8221;RGBA(255,255,255,0)&#8221; global_colors_info=&#8221;{}&#8221;][et_pb_row _builder_version=&#8221;4.16&#8243; _module_preset=&#8221;default&#8221; global_colors_info=&#8221;{}&#8221;][et_pb_column type=&#8221;4_4&#8243; _builder_version=&#8221;4.16&#8243; _module_preset=&#8221;default&#8221; global_colors_info=&#8221;{}&#8221;][et_pb_text _builder_version=&#8221;4.27.4&#8243; _module_preset=&#8221;default&#8221; global_colors_info=&#8221;{}&#8221;]<\/p>\n<h3 style=\"text-align: center;\"><span style=\"color: #69a517;\"><strong>YOU HAVE A QUESTION?<\/strong><\/span><\/h3>\n<p>[\/et_pb_text][et_pb_button button_url=&#8221;http:\/\/sadcmaria.qc.ca\/contact\/&#8221; button_text=&#8221;Message&#8221; button_alignment=&#8221;center&#8221; _builder_version=&#8221;4.27.4&#8243; _module_preset=&#8221;default&#8221; custom_button=&#8221;on&#8221; button_text_size=&#8221;25px&#8221; button_text_color=&#8221;#F8F6E7&#8243; button_bg_color=&#8221;#69A517&#8243; button_border_width=&#8221;0px&#8221; button_border_color=&#8221;#69A517&#8243; button_border_radius=&#8221;0px&#8221; button_font=&#8221;||||||||&#8221; global_colors_info=&#8221;{}&#8221;][\/et_pb_button][\/et_pb_column][\/et_pb_row][\/et_pb_section]<\/p>\n","protected":false},"excerpt":{"rendered":"<p>S\u00a0 \u00a0 \u00a0 EXTERNAL TOOLS FOR MUNICIPALITIES \u00a0External organizations Financing and supportLOCAL CORPORATIONS Each year, the Normandin-based Integrated Resource Management Agency (AGIR) distributes money to local forest and economic corporations that are members of the agency. These amounts should be used to support communities in their development. Consult the list of corporations \u2192 \u00a0DESJARDINS\u00a0 The [&hellip;]<\/p>\n","protected":false},"author":3,"featured_media":0,"parent":0,"menu_order":0,"comment_status":"closed","ping_status":"closed","template":"","meta":{"_et_pb_use_builder":"on","_et_pb_old_content":"","_et_gb_content_width":"","footnotes":""},"class_list":["post-4903","page","type-page","status-publish","hentry"],"yoast_head":"<!-- This site is optimized with the Yoast SEO Premium plugin v26.9 (Yoast SEO v27.4) - https:\/\/yoast.com\/product\/yoast-seo-premium-wordpress\/ -->\n<title>External tools for municipalities - SADC Maria-Chapdelaine<\/title>\n<meta name=\"description\" content=\"See our external tools page for municipalities and communities.\" \/>\n<meta name=\"robots\" content=\"index, follow, max-snippet:-1, max-image-preview:large, max-video-preview:-1\" \/>\n<link rel=\"canonical\" href=\"https:\/\/sadcmaria.qc.ca\/en\/external-tools-for-municipalities\/\" \/>\n<meta property=\"og:locale\" content=\"en_US\" \/>\n<meta property=\"og:type\" content=\"article\" \/>\n<meta property=\"og:title\" content=\"External tools for municipalities\" \/>\n<meta property=\"og:description\" content=\"See our external tools page for municipalities and communities.\" \/>\n<meta property=\"og:url\" content=\"https:\/\/sadcmaria.qc.ca\/en\/external-tools-for-municipalities\/\" \/>\n<meta property=\"og:site_name\" content=\"SADC Maria-Chapdelaine\" \/>\n<meta property=\"article:publisher\" content=\"https:\/\/www.facebook.com\/sadcmariachapdelaine\/\" \/>\n<meta property=\"article:modified_time\" content=\"2025-07-16T17:41:23+00:00\" \/>\n<meta name=\"twitter:card\" content=\"summary_large_image\" \/>\n<meta name=\"twitter:label1\" content=\"Est. reading time\" \/>\n\t<meta name=\"twitter:data1\" content=\"1 minute\" \/>\n<script type=\"application\/ld+json\" class=\"yoast-schema-graph\">{\"@context\":\"https:\\\/\\\/schema.org\",\"@graph\":[{\"@type\":\"WebPage\",\"@id\":\"https:\\\/\\\/sadcmaria.qc.ca\\\/en\\\/external-tools-for-municipalities\\\/\",\"url\":\"https:\\\/\\\/sadcmaria.qc.ca\\\/en\\\/external-tools-for-municipalities\\\/\",\"name\":\"External tools for municipalities - SADC Maria-Chapdelaine\",\"isPartOf\":{\"@id\":\"https:\\\/\\\/sadcmaria.qc.ca\\\/en\\\/#website\"},\"datePublished\":\"2022-04-13T09:52:44+00:00\",\"dateModified\":\"2025-07-16T17:41:23+00:00\",\"description\":\"See our external tools page for municipalities and communities.\",\"breadcrumb\":{\"@id\":\"https:\\\/\\\/sadcmaria.qc.ca\\\/en\\\/external-tools-for-municipalities\\\/#breadcrumb\"},\"inLanguage\":\"en-US\",\"potentialAction\":[{\"@type\":\"ReadAction\",\"target\":[\"https:\\\/\\\/sadcmaria.qc.ca\\\/en\\\/external-tools-for-municipalities\\\/\"]}]},{\"@type\":\"BreadcrumbList\",\"@id\":\"https:\\\/\\\/sadcmaria.qc.ca\\\/en\\\/external-tools-for-municipalities\\\/#breadcrumb\",\"itemListElement\":[{\"@type\":\"ListItem\",\"position\":1,\"name\":\"Accueil\",\"item\":\"https:\\\/\\\/sadcmaria.qc.ca\\\/en\\\/\"},{\"@type\":\"ListItem\",\"position\":2,\"name\":\"External tools for municipalities\"}]},{\"@type\":\"WebSite\",\"@id\":\"https:\\\/\\\/sadcmaria.qc.ca\\\/en\\\/#website\",\"url\":\"https:\\\/\\\/sadcmaria.qc.ca\\\/en\\\/\",\"name\":\"SADC Maria-Chapdelaine\",\"description\":\"Aide financi\u00e8re et accompagnement aux entreprises et collectivit\u00e9s\",\"publisher\":{\"@id\":\"https:\\\/\\\/sadcmaria.qc.ca\\\/en\\\/#organization\"},\"potentialAction\":[{\"@type\":\"SearchAction\",\"target\":{\"@type\":\"EntryPoint\",\"urlTemplate\":\"https:\\\/\\\/sadcmaria.qc.ca\\\/en\\\/?s={search_term_string}\"},\"query-input\":{\"@type\":\"PropertyValueSpecification\",\"valueRequired\":true,\"valueName\":\"search_term_string\"}}],\"inLanguage\":\"en-US\"},{\"@type\":\"Organization\",\"@id\":\"https:\\\/\\\/sadcmaria.qc.ca\\\/en\\\/#organization\",\"name\":\"SADC Maria-Chapdelaine\",\"url\":\"https:\\\/\\\/sadcmaria.qc.ca\\\/en\\\/\",\"logo\":{\"@type\":\"ImageObject\",\"inLanguage\":\"en-US\",\"@id\":\"https:\\\/\\\/sadcmaria.qc.ca\\\/en\\\/#\\\/schema\\\/logo\\\/image\\\/\",\"url\":\"https:\\\/\\\/sadcmaria.qc.ca\\\/wp-content\\\/uploads\\\/2023\\\/12\\\/logo.png\",\"contentUrl\":\"https:\\\/\\\/sadcmaria.qc.ca\\\/wp-content\\\/uploads\\\/2023\\\/12\\\/logo.png\",\"width\":1024,\"height\":512,\"caption\":\"SADC Maria-Chapdelaine\"},\"image\":{\"@id\":\"https:\\\/\\\/sadcmaria.qc.ca\\\/en\\\/#\\\/schema\\\/logo\\\/image\\\/\"},\"sameAs\":[\"https:\\\/\\\/www.facebook.com\\\/sadcmariachapdelaine\\\/\"]}]}<\/script>\n<!-- \/ Yoast SEO Premium plugin. -->","yoast_head_json":{"title":"External tools for municipalities - SADC Maria-Chapdelaine","description":"See our external tools page for municipalities and communities.","robots":{"index":"index","follow":"follow","max-snippet":"max-snippet:-1","max-image-preview":"max-image-preview:large","max-video-preview":"max-video-preview:-1"},"canonical":"https:\/\/sadcmaria.qc.ca\/en\/external-tools-for-municipalities\/","og_locale":"en_US","og_type":"article","og_title":"External tools for municipalities","og_description":"See our external tools page for municipalities and communities.","og_url":"https:\/\/sadcmaria.qc.ca\/en\/external-tools-for-municipalities\/","og_site_name":"SADC Maria-Chapdelaine","article_publisher":"https:\/\/www.facebook.com\/sadcmariachapdelaine\/","article_modified_time":"2025-07-16T17:41:23+00:00","twitter_card":"summary_large_image","twitter_misc":{"Est. reading time":"1 minute"},"schema":{"@context":"https:\/\/schema.org","@graph":[{"@type":"WebPage","@id":"https:\/\/sadcmaria.qc.ca\/en\/external-tools-for-municipalities\/","url":"https:\/\/sadcmaria.qc.ca\/en\/external-tools-for-municipalities\/","name":"External tools for municipalities - SADC Maria-Chapdelaine","isPartOf":{"@id":"https:\/\/sadcmaria.qc.ca\/en\/#website"},"datePublished":"2022-04-13T09:52:44+00:00","dateModified":"2025-07-16T17:41:23+00:00","description":"See our external tools page for municipalities and communities.","breadcrumb":{"@id":"https:\/\/sadcmaria.qc.ca\/en\/external-tools-for-municipalities\/#breadcrumb"},"inLanguage":"en-US","potentialAction":[{"@type":"ReadAction","target":["https:\/\/sadcmaria.qc.ca\/en\/external-tools-for-municipalities\/"]}]},{"@type":"BreadcrumbList","@id":"https:\/\/sadcmaria.qc.ca\/en\/external-tools-for-municipalities\/#breadcrumb","itemListElement":[{"@type":"ListItem","position":1,"name":"Accueil","item":"https:\/\/sadcmaria.qc.ca\/en\/"},{"@type":"ListItem","position":2,"name":"External tools for municipalities"}]},{"@type":"WebSite","@id":"https:\/\/sadcmaria.qc.ca\/en\/#website","url":"https:\/\/sadcmaria.qc.ca\/en\/","name":"SADC Maria-Chapdelaine","description":"Aide financi\u00e8re et accompagnement aux entreprises et collectivit\u00e9s","publisher":{"@id":"https:\/\/sadcmaria.qc.ca\/en\/#organization"},"potentialAction":[{"@type":"SearchAction","target":{"@type":"EntryPoint","urlTemplate":"https:\/\/sadcmaria.qc.ca\/en\/?s={search_term_string}"},"query-input":{"@type":"PropertyValueSpecification","valueRequired":true,"valueName":"search_term_string"}}],"inLanguage":"en-US"},{"@type":"Organization","@id":"https:\/\/sadcmaria.qc.ca\/en\/#organization","name":"SADC Maria-Chapdelaine","url":"https:\/\/sadcmaria.qc.ca\/en\/","logo":{"@type":"ImageObject","inLanguage":"en-US","@id":"https:\/\/sadcmaria.qc.ca\/en\/#\/schema\/logo\/image\/","url":"https:\/\/sadcmaria.qc.ca\/wp-content\/uploads\/2023\/12\/logo.png","contentUrl":"https:\/\/sadcmaria.qc.ca\/wp-content\/uploads\/2023\/12\/logo.png","width":1024,"height":512,"caption":"SADC Maria-Chapdelaine"},"image":{"@id":"https:\/\/sadcmaria.qc.ca\/en\/#\/schema\/logo\/image\/"},"sameAs":["https:\/\/www.facebook.com\/sadcmariachapdelaine\/"]}]}},"_links":{"self":[{"href":"https:\/\/sadcmaria.qc.ca\/en\/wp-json\/wp\/v2\/pages\/4903","targetHints":{"allow":["GET"]}}],"collection":[{"href":"https:\/\/sadcmaria.qc.ca\/en\/wp-json\/wp\/v2\/pages"}],"about":[{"href":"https:\/\/sadcmaria.qc.ca\/en\/wp-json\/wp\/v2\/types\/page"}],"author":[{"embeddable":true,"href":"https:\/\/sadcmaria.qc.ca\/en\/wp-json\/wp\/v2\/users\/3"}],"replies":[{"embeddable":true,"href":"https:\/\/sadcmaria.qc.ca\/en\/wp-json\/wp\/v2\/comments?post=4903"}],"version-history":[{"count":8,"href":"https:\/\/sadcmaria.qc.ca\/en\/wp-json\/wp\/v2\/pages\/4903\/revisions"}],"predecessor-version":[{"id":5390,"href":"https:\/\/sadcmaria.qc.ca\/en\/wp-json\/wp\/v2\/pages\/4903\/revisions\/5390"}],"wp:attachment":[{"href":"https:\/\/sadcmaria.qc.ca\/en\/wp-json\/wp\/v2\/media?parent=4903"}],"curies":[{"name":"wp","href":"https:\/\/api.w.org\/{rel}","templated":true}]}}