{"id":4891,"date":"2023-04-11T13:49:54","date_gmt":"2023-04-11T13:49:54","guid":{"rendered":"https:\/\/sadcmaria.qc.ca\/?page_id=4891"},"modified":"2025-04-30T17:41:15","modified_gmt":"2025-04-30T17:41:15","slug":"ressources-for-agriculture","status":"publish","type":"page","link":"https:\/\/sadcmaria.qc.ca\/en\/ressources-for-agriculture\/","title":{"rendered":"Ressources for agriculture"},"content":{"rendered":"<p>[et_pb_section fb_built=&#8221;1&#8243; admin_label=&#8221;Header&#8221; _builder_version=&#8221;4.27.2&#8243; background_color=&#8221;RGBA(255,255,255,0)&#8221; background_image=&#8221;https:\/\/sadcmaria.qc.ca\/wp-content\/uploads\/2023\/04\/DSC5409-scaled.jpg&#8221; custom_padding=&#8221;0px||0px||true|&#8221; global_colors_info=&#8221;{}&#8221; theme_builder_area=&#8221;post_content&#8221;][et_pb_row _builder_version=&#8221;4.16&#8243; _module_preset=&#8221;default&#8221; custom_padding=&#8221;85px||92px|||&#8221; global_colors_info=&#8221;{}&#8221; theme_builder_area=&#8221;post_content&#8221;][et_pb_column type=&#8221;4_4&#8243; _builder_version=&#8221;4.16&#8243; _module_preset=&#8221;default&#8221; global_colors_info=&#8221;{}&#8221; theme_builder_area=&#8221;post_content&#8221;][et_pb_text _builder_version=&#8221;4.27.2&#8243; _module_preset=&#8221;default&#8221; background_color=&#8221;RGBA(255,255,255,0)&#8221; custom_padding=&#8221;35px||25px|||&#8221; inline_fonts=&#8221;Heebo&#8221; global_colors_info=&#8221;{}&#8221; theme_builder_area=&#8221;post_content&#8221;]<\/p>\n<h2 style=\"text-align: center;\"><span style=\"color: #ffffff; font-family: Heebo;\"><strong>ASSISTANCE RESOURCES FOR AGRICULTURAL AND AGRI-FOOD PROJECTS<\/strong><\/span><\/h2>\n<p><span style=\"color: #69a517;\"><\/span><\/p>\n<p>[\/et_pb_text][\/et_pb_column][\/et_pb_row][\/et_pb_section][et_pb_section fb_built=&#8221;1&#8243; admin_label=&#8221;Blog&#8221; _builder_version=&#8221;4.27.2&#8243; background_color=&#8221;#F8F6E7&#8243; min_height=&#8221;597px&#8221; custom_margin=&#8221;-5px||1px|||&#8221; custom_padding=&#8221;82px|||||&#8221; custom_width_px__hover=&#8221;1080px&#8221; custom_width_px__hover_enabled=&#8221;1080px&#8221; custom_width_percent__hover=&#8221;80%&#8221; custom_width_percent__hover_enabled=&#8221;80%&#8221; global_colors_info=&#8221;{}&#8221; gutter_width__hover=&#8221;3&#8243; gutter_width__hover_enabled=&#8221;3&#8243; parallax_1__hover=&#8221;off&#8221; parallax_1__hover_enabled=&#8221;off&#8221; parallax_2__hover=&#8221;off&#8221; parallax_2__hover_enabled=&#8221;off&#8221; parallax_3__hover=&#8221;off&#8221; parallax_3__hover_enabled=&#8221;off&#8221; parallax_method_1__hover=&#8221;on&#8221; parallax_method_1__hover_enabled=&#8221;on&#8221; parallax_method_2__hover=&#8221;on&#8221; parallax_method_2__hover_enabled=&#8221;on&#8221; parallax_method_3__hover=&#8221;on&#8221; parallax_method_3__hover_enabled=&#8221;on&#8221; background_size__hover=&#8221;cover&#8221; background_size__hover_enabled=&#8221;cover&#8221; background_position__hover=&#8221;center&#8221; background_position__hover_enabled=&#8221;center&#8221; use_background_color_gradient__hover=&#8221;off&#8221; use_background_color_gradient__hover_enabled=&#8221;off&#8221; background_color_gradient_start__hover=&#8221;#2b87da&#8221; background_color_gradient_start__hover_enabled=&#8221;#2b87da&#8221; background_color_gradient_end__hover=&#8221;#29c4a9&#8243; background_color_gradient_end__hover_enabled=&#8221;#29c4a9&#8243; background_color_gradient_type__hover=&#8221;linear&#8221; background_color_gradient_type__hover_enabled=&#8221;linear&#8221; background_color_gradient_direction__hover=&#8221;180deg&#8221; background_color_gradient_direction__hover_enabled=&#8221;180deg&#8221; background_color_gradient_direction_radial__hover=&#8221;center&#8221; background_color_gradient_direction_radial__hover_enabled=&#8221;center&#8221; background_color_gradient_start_position__hover=&#8221;0%&#8221; background_color_gradient_start_position__hover_enabled=&#8221;0%&#8221; background_color_gradient_end_position__hover=&#8221;100%&#8221; background_color_gradient_end_position__hover_enabled=&#8221;100%&#8221; background_color_gradient_overlays_image__hover=&#8221;off&#8221; background_color_gradient_overlays_image__hover_enabled=&#8221;off&#8221; parallax__hover=&#8221;off&#8221; parallax__hover_enabled=&#8221;off&#8221; parallax_method__hover=&#8221;on&#8221; parallax_method__hover_enabled=&#8221;on&#8221; background_repeat__hover=&#8221;no-repeat&#8221; background_repeat__hover_enabled=&#8221;no-repeat&#8221; background_blend__hover=&#8221;normal&#8221; background_blend__hover_enabled=&#8221;normal&#8221; allow_player_pause__hover=&#8221;off&#8221; allow_player_pause__hover_enabled=&#8221;off&#8221; background_video_pause_outside_viewport__hover=&#8221;on&#8221; background_video_pause_outside_viewport__hover_enabled=&#8221;on&#8221; inner_shadow__hover=&#8221;off&#8221; inner_shadow__hover_enabled=&#8221;off&#8221; make_fullwidth__hover=&#8221;off&#8221; make_fullwidth__hover_enabled=&#8221;off&#8221; use_custom_width__hover=&#8221;off&#8221; use_custom_width__hover_enabled=&#8221;off&#8221; width_unit__hover=&#8221;on&#8221; width_unit__hover_enabled=&#8221;on&#8221; make_equal__hover=&#8221;off&#8221; make_equal__hover_enabled=&#8221;off&#8221; use_custom_gutter__hover=&#8221;off&#8221; use_custom_gutter__hover_enabled=&#8221;off&#8221; border_radii__hover=&#8221;on||||&#8221; border_radii__hover_enabled=&#8221;on||||&#8221; box_shadow_style__hover=&#8221;none&#8221; box_shadow_style__hover_enabled=&#8221;none&#8221; box_shadow_color__hover=&#8221;rgba(0,0,0,0.3)&#8221; box_shadow_color__hover_enabled=&#8221;rgba(0,0,0,0.3)&#8221; max_width__hover=&#8221;100%&#8221; max_width__hover_enabled=&#8221;100%&#8221; filter_hue_rotate__hover=&#8221;0deg&#8221; filter_hue_rotate__hover_enabled=&#8221;0deg&#8221; filter_saturate__hover=&#8221;100%&#8221; filter_saturate__hover_enabled=&#8221;100%&#8221; filter_brightness__hover=&#8221;100%&#8221; filter_brightness__hover_enabled=&#8221;100%&#8221; filter_contrast__hover=&#8221;100%&#8221; filter_contrast__hover_enabled=&#8221;100%&#8221; filter_invert__hover=&#8221;0%&#8221; filter_invert__hover_enabled=&#8221;0%&#8221; filter_sepia__hover=&#8221;0%&#8221; filter_sepia__hover_enabled=&#8221;0%&#8221; filter_opacity__hover=&#8221;100%&#8221; filter_opacity__hover_enabled=&#8221;100%&#8221; filter_blur__hover=&#8221;0px&#8221; filter_blur__hover_enabled=&#8221;0px&#8221; mix_blend_mode__hover=&#8221;normal&#8221; mix_blend_mode__hover_enabled=&#8221;normal&#8221; animation_style__hover=&#8221;none&#8221; animation_style__hover_enabled=&#8221;none&#8221; animation_repeat__hover=&#8221;once&#8221; animation_repeat__hover_enabled=&#8221;once&#8221; animation_direction__hover=&#8221;center&#8221; animation_direction__hover_enabled=&#8221;center&#8221; animation_duration__hover=&#8221;1000ms&#8221; animation_duration__hover_enabled=&#8221;1000ms&#8221; animation_delay__hover=&#8221;0ms&#8221; animation_delay__hover_enabled=&#8221;0ms&#8221; animation_intensity_slide__hover=&#8221;50%&#8221; animation_intensity_slide__hover_enabled=&#8221;50%&#8221; animation_intensity_zoom__hover=&#8221;50%&#8221; animation_intensity_zoom__hover_enabled=&#8221;50%&#8221; animation_intensity_flip__hover=&#8221;50%&#8221; animation_intensity_flip__hover_enabled=&#8221;50%&#8221; animation_intensity_fold__hover=&#8221;50%&#8221; animation_intensity_fold__hover_enabled=&#8221;50%&#8221; animation_intensity_roll__hover=&#8221;50%&#8221; animation_intensity_roll__hover_enabled=&#8221;50%&#8221; animation_starting_opacity__hover=&#8221;0%&#8221; animation_starting_opacity__hover_enabled=&#8221;0%&#8221; animation_speed_curve__hover=&#8221;ease-in-out&#8221; animation_speed_curve__hover_enabled=&#8221;ease-in-out&#8221; hover_transition_duration__hover=&#8221;300ms&#8221; hover_transition_duration__hover_enabled=&#8221;300ms&#8221; hover_transition_delay__hover=&#8221;0ms&#8221; hover_transition_delay__hover_enabled=&#8221;0ms&#8221; hover_transition_speed_curve__hover=&#8221;ease&#8221; hover_transition_speed_curve__hover_enabled=&#8221;ease&#8221; background_color_gradient_stops__hover=&#8221;#2b87da 0%|#29c4a9 100%&#8221; theme_builder_area=&#8221;post_content&#8221;][et_pb_row _builder_version=&#8221;4.20.4&#8243; _module_preset=&#8221;default&#8221; global_colors_info=&#8221;{}&#8221; theme_builder_area=&#8221;post_content&#8221;][et_pb_column type=&#8221;4_4&#8243; _builder_version=&#8221;4.16&#8243; _module_preset=&#8221;default&#8221; global_colors_info=&#8221;{}&#8221; theme_builder_area=&#8221;post_content&#8221;][et_pb_text _builder_version=&#8221;4.27.4&#8243; _module_preset=&#8221;default&#8221; background_color=&#8221;#FFFFFF&#8221; custom_margin=&#8221;||||false|false&#8221; custom_padding=&#8221;30px|20px|20px|20px|false|false&#8221; hover_enabled=&#8221;0&#8243; border_radii=&#8221;on|12px|12px|12px|12px&#8221; border_width_all=&#8221;10px&#8221; border_color_all=&#8221;#FFFFFF&#8221; box_shadow_style=&#8221;preset1&#8243; global_colors_info=&#8221;{}&#8221; theme_builder_area=&#8221;post_content&#8221; sticky_enabled=&#8221;0&#8243;]<\/p>\n<p><strong><span style=\"font-size: xx-large; color: #69a517;\">AGRI-REL\u00c8VE<\/span><\/strong><\/p>\n<p><span style=\"font-size: large;\">Gateway for all agricultural and agri-food projects in the territory of Maria-Chapdelaine.<\/span><\/p>\n<p><span style=\"color: #3e3e3e;\"><\/span><\/p>\n<p><span style=\"color: #3e3e3e;\"><\/span><\/p>\n<h5><span style=\"text-decoration: underline;\"><strong><span style=\"color: #3e3e3e;\"><a href=\"https:\/\/agrireleve.ca\/\" target=\"_blank\" rel=\"noopener\" style=\"color: #3e3e3e; text-decoration: underline;\">Learn more<\/a><\/span><\/strong><\/span><\/h5>\n<p>[\/et_pb_text][et_pb_text _builder_version=&#8221;4.27.4&#8243; _module_preset=&#8221;default&#8221; background_color=&#8221;#FFFFFF&#8221; custom_margin=&#8221;||||false|false&#8221; custom_padding=&#8221;30px|20px|20px|20px|false|false&#8221; hover_enabled=&#8221;0&#8243; border_radii=&#8221;on|12px|12px|12px|12px&#8221; border_width_all=&#8221;10px&#8221; border_color_all=&#8221;#FFFFFF&#8221; box_shadow_style=&#8221;preset1&#8243; inline_fonts=&#8221;Heebo&#8221; global_colors_info=&#8221;{}&#8221; theme_builder_area=&#8221;post_content&#8221; sticky_enabled=&#8221;0&#8243;]<\/p>\n<p><span style=\"color: #69a517;\"><strong><span style=\"font-size: xx-large;\">Minist\u00e8re de l&#8217;Agriculture, des P\u00eacheries et de l\u2019Alimentation du Qu\u00e9bec. (MAPAQ)<\/span><\/strong><\/span><\/p>\n<p><span style=\"font-size: large;\">Provincial government organization that administers aid programs in the bio-food sector for quality, prosperous and sustainable supply.<\/span><\/p>\n<p><span style=\"font-size: large;\"><\/span><\/p>\n<h5><span style=\"text-decoration: underline;\"><strong><span style=\"font-family: Heebo; color: #3e3e3e;\"><a href=\"https:\/\/www.mapaq.gouv.qc.ca\/fr\/Pages\/Accueil.aspx\" target=\"_blank\" rel=\"noopener\" style=\"color: #3e3e3e; text-decoration: underline;\">Learn more<\/a><\/span><\/strong><\/span><\/h5>\n<p>[\/et_pb_text][et_pb_text _builder_version=&#8221;4.27.4&#8243; _module_preset=&#8221;default&#8221; background_color=&#8221;#FFFFFF&#8221; custom_margin=&#8221;||||false|false&#8221; custom_padding=&#8221;30px|20px|20px|20px|false|false&#8221; hover_enabled=&#8221;0&#8243; border_radii=&#8221;on|12px|12px|12px|12px&#8221; border_width_all=&#8221;10px&#8221; border_color_all=&#8221;#FFFFFF&#8221; box_shadow_style=&#8221;preset1&#8243; inline_fonts=&#8221;Heebo&#8221; global_colors_info=&#8221;{}&#8221; theme_builder_area=&#8221;post_content&#8221; sticky_enabled=&#8221;0&#8243;]<\/p>\n<p><span style=\"color: #69a517;\"><strong><span style=\"font-size: xx-large;\">Agriculture and Agri-food Canada (AAFC)<\/span><\/strong><\/span><\/p>\n<p><span style=\"font-size: large;\">Federal government organization that supports the Canadian agriculture and agri-food sectors to foster innovation and competitiveness.<\/span><\/p>\n<p><span style=\"color: #3e3e3e; font-family: Heebo;\"><\/span><\/p>\n<h5><span style=\"text-decoration: underline;\"><strong><span style=\"font-family: Heebo; color: #3e3e3e;\"><a href=\"https:\/\/agriculture.canada.ca\/fr\" target=\"_blank\" rel=\"noopener\" style=\"color: #3e3e3e; text-decoration: underline;\">Learn more<\/a><\/span><\/strong><\/span><\/h5>\n<p>[\/et_pb_text][\/et_pb_column][\/et_pb_row][et_pb_row _builder_version=&#8221;4.20.4&#8243; _module_preset=&#8221;default&#8221; global_colors_info=&#8221;{}&#8221; theme_builder_area=&#8221;post_content&#8221;][et_pb_column type=&#8221;4_4&#8243; _builder_version=&#8221;4.20.4&#8243; _module_preset=&#8221;default&#8221; global_colors_info=&#8221;{}&#8221; theme_builder_area=&#8221;post_content&#8221;][et_pb_text _builder_version=&#8221;4.27.4&#8243; _module_preset=&#8221;default&#8221; background_color=&#8221;#FFFFFF&#8221; custom_margin=&#8221;||||false|false&#8221; custom_padding=&#8221;30px|20px|20px|20px|false|false&#8221; hover_enabled=&#8221;0&#8243; border_radii=&#8221;on|12px|12px|12px|12px&#8221; border_width_all=&#8221;10px&#8221; border_color_all=&#8221;#FFFFFF&#8221; box_shadow_style=&#8221;preset1&#8243; inline_fonts=&#8221;Heebo&#8221; global_colors_info=&#8221;{}&#8221; theme_builder_area=&#8221;post_content&#8221; sticky_enabled=&#8221;0&#8243;]<\/p>\n<p><span style=\"color: #69a517;\"><strong><span style=\"font-size: xx-large;\">L&#8217;ARTERRE<\/span><\/strong><\/span><\/p>\n<p><span style=\"font-size: large;\">Networking service between assignor-ers and surveyors to facilitate access to the agricultural world.<\/span><\/p>\n<p><span style=\"color: #3e3e3e;\"><\/span><\/p>\n<h5><span style=\"text-decoration: underline;\"><strong><span style=\"color: #3e3e3e;\"><a href=\"https:\/\/arterre.ca\/\" target=\"_blank\" rel=\"noopener\" style=\"color: #3e3e3e; text-decoration: underline;\">Learn more<\/a><\/span><\/strong><\/span><\/h5>\n<p>[\/et_pb_text][et_pb_text _builder_version=&#8221;4.27.4&#8243; _module_preset=&#8221;default&#8221; background_color=&#8221;#FFFFFF&#8221; custom_margin=&#8221;||||false|false&#8221; custom_padding=&#8221;30px|20px|20px|20px|false|false&#8221; hover_enabled=&#8221;0&#8243; border_radii=&#8221;on|12px|12px|12px|12px&#8221; border_width_all=&#8221;12px&#8221; border_color_all=&#8221;#FFFFFF&#8221; box_shadow_style=&#8221;preset1&#8243; inline_fonts=&#8221;Heebo&#8221; global_colors_info=&#8221;{}&#8221; theme_builder_area=&#8221;post_content&#8221; sticky_enabled=&#8221;0&#8243;]<\/p>\n<p><span style=\"color: #69a517;\"><strong><span style=\"font-size: xx-large;\">Centre de r\u00e9f\u00e9rence en agriculture et agroalimentaire du Qu\u00e9bec (CRAAQ)<\/span><\/strong><\/span><\/p>\n<p><span style=\"font-size: large;\">Organization that gathers and disseminates knowledge, and develops tools to advance the agriculture and agri-food sector in Quebec.<\/span><\/p>\n<p><span style=\"color: #3e3e3e; font-family: Heebo;\"><\/span><\/p>\n<h5><span style=\"text-decoration: underline;\"><strong><span style=\"font-family: Heebo; color: #3e3e3e;\"><a href=\"https:\/\/www.craaq.qc.ca\/\" target=\"_blank\" rel=\"noopener\" style=\"color: #3e3e3e; text-decoration: underline;\">Learn more<\/a><\/span><\/strong><\/span><\/h5>\n<p>[\/et_pb_text][et_pb_text _builder_version=&#8221;4.27.4&#8243; _module_preset=&#8221;default&#8221; background_color=&#8221;#FFFFFF&#8221; custom_margin=&#8221;||||false|false&#8221; custom_padding=&#8221;30px|20px|20px|20px|false|false&#8221; hover_enabled=&#8221;0&#8243; border_radii=&#8221;on|12px|12px|12px|12px&#8221; border_width_all=&#8221;10px&#8221; border_color_all=&#8221;#FFFFFF&#8221; box_shadow_style=&#8221;preset1&#8243; inline_fonts=&#8221;Heebo&#8221; global_colors_info=&#8221;{}&#8221; theme_builder_area=&#8221;post_content&#8221; sticky_enabled=&#8221;0&#8243;]<\/p>\n<p><span style=\"color: #69a517;\"><strong><span style=\"font-size: xx-large;\">Agri-R\u00e9seau<\/span><\/strong><\/span><\/p>\n<p><span style=\"font-size: large;\">A collaborative website whose mission is to accelerate the dissemination of cutting-edge information to businesses and professionals.<\/span><\/p>\n<p><span style=\"color: #3e3e3e;\"><\/span><\/p>\n<h5><span style=\"text-decoration: underline;\"><strong><span style=\"color: #3e3e3e;\"><a href=\"https:\/\/www.agrireseau.net\/\" target=\"_blank\" rel=\"noopener\" style=\"color: #3e3e3e; text-decoration: underline;\">Learn more<\/a><\/span><\/strong><\/span><\/h5>\n<p>[\/et_pb_text][\/et_pb_column][\/et_pb_row][\/et_pb_section][et_pb_section fb_built=&#8221;1&#8243; _builder_version=&#8221;4.27.2&#8243; _module_preset=&#8221;default&#8221; background_color=&#8221;RGBA(255,255,255,0)&#8221; global_colors_info=&#8221;{}&#8221; theme_builder_area=&#8221;post_content&#8221;][et_pb_row _builder_version=&#8221;4.16&#8243; _module_preset=&#8221;default&#8221; global_colors_info=&#8221;{}&#8221; theme_builder_area=&#8221;post_content&#8221;][et_pb_column type=&#8221;4_4&#8243; _builder_version=&#8221;4.16&#8243; _module_preset=&#8221;default&#8221; global_colors_info=&#8221;{}&#8221; theme_builder_area=&#8221;post_content&#8221;][et_pb_text _builder_version=&#8221;4.27.4&#8243; _module_preset=&#8221;default&#8221; custom_padding=&#8221;11px|||||&#8221; hover_enabled=&#8221;0&#8243; global_colors_info=&#8221;{}&#8221; theme_builder_area=&#8221;post_content&#8221; sticky_enabled=&#8221;0&#8243;]<\/p>\n<h3 style=\"text-align: center;\"><span style=\"color: #69a517;\"><strong>YOU HAVE A <\/strong><\/span><span style=\"color: #69a517;\"><strong>QUESTION?<\/strong><\/span><\/h3>\n<p>[\/et_pb_text][et_pb_button button_url=&#8221;http:\/\/sadcmaria.qc.ca\/contact\/&#8221; button_text=&#8221;Message&#8221; button_alignment=&#8221;center&#8221; _builder_version=&#8221;4.27.4&#8243; _module_preset=&#8221;default&#8221; custom_button=&#8221;on&#8221; button_text_size=&#8221;25px&#8221; button_bg_color=&#8221;#69A517&#8243; button_border_width=&#8221;0px&#8221; button_border_color=&#8221;#69A517&#8243; button_border_radius=&#8221;0px&#8221; button_font=&#8221;||||||||&#8221; global_colors_info=&#8221;{}&#8221; theme_builder_area=&#8221;post_content&#8221;][\/et_pb_button][\/et_pb_column][\/et_pb_row][\/et_pb_section]<\/p>\n","protected":false},"excerpt":{"rendered":"<p>ASSISTANCE RESOURCES FOR AGRICULTURAL AND AGRI-FOOD PROJECTS AGRI-REL\u00c8VE Gateway for all agricultural and agri-food projects in the territory of Maria-Chapdelaine. Learn moreMinist\u00e8re de l&#8217;Agriculture, des P\u00eacheries et de l\u2019Alimentation du Qu\u00e9bec. (MAPAQ) Provincial government organization that administers aid programs in the bio-food sector for quality, prosperous and sustainable supply. Learn moreAgriculture and Agri-food Canada (AAFC) [&hellip;]<\/p>\n","protected":false},"author":3,"featured_media":0,"parent":0,"menu_order":0,"comment_status":"closed","ping_status":"closed","template":"","meta":{"_et_pb_use_builder":"on","_et_pb_old_content":"","_et_gb_content_width":"","footnotes":""},"class_list":["post-4891","page","type-page","status-publish","hentry"],"yoast_head":"<!-- This site is optimized with the Yoast SEO Premium plugin v26.9 (Yoast SEO v27.4) - https:\/\/yoast.com\/product\/yoast-seo-premium-wordpress\/ -->\n<title>Ressources for agriculture - SADC Maria-Chapdelaine<\/title>\n<meta name=\"description\" content=\"Discover tools and resources for agriculture and agri-food projects.\" \/>\n<meta name=\"robots\" content=\"index, follow, max-snippet:-1, max-image-preview:large, max-video-preview:-1\" \/>\n<link rel=\"canonical\" href=\"https:\/\/sadcmaria.qc.ca\/en\/ressources-for-agriculture\/\" \/>\n<meta property=\"og:locale\" content=\"en_US\" \/>\n<meta property=\"og:type\" content=\"article\" \/>\n<meta property=\"og:title\" content=\"Ressources for agriculture\" \/>\n<meta property=\"og:description\" content=\"Discover tools and resources for agriculture and agri-food projects.\" \/>\n<meta property=\"og:url\" content=\"https:\/\/sadcmaria.qc.ca\/en\/ressources-for-agriculture\/\" \/>\n<meta property=\"og:site_name\" content=\"SADC Maria-Chapdelaine\" \/>\n<meta property=\"article:publisher\" content=\"https:\/\/www.facebook.com\/sadcmariachapdelaine\/\" \/>\n<meta property=\"article:modified_time\" content=\"2025-04-30T17:41:15+00:00\" \/>\n<meta name=\"twitter:card\" content=\"summary_large_image\" \/>\n<meta name=\"twitter:label1\" content=\"Est. reading time\" \/>\n\t<meta name=\"twitter:data1\" content=\"1 minute\" \/>\n<script type=\"application\/ld+json\" class=\"yoast-schema-graph\">{\"@context\":\"https:\\\/\\\/schema.org\",\"@graph\":[{\"@type\":\"WebPage\",\"@id\":\"https:\\\/\\\/sadcmaria.qc.ca\\\/en\\\/ressources-for-agriculture\\\/\",\"url\":\"https:\\\/\\\/sadcmaria.qc.ca\\\/en\\\/ressources-for-agriculture\\\/\",\"name\":\"Ressources for agriculture - SADC Maria-Chapdelaine\",\"isPartOf\":{\"@id\":\"https:\\\/\\\/sadcmaria.qc.ca\\\/en\\\/#website\"},\"datePublished\":\"2023-04-11T13:49:54+00:00\",\"dateModified\":\"2025-04-30T17:41:15+00:00\",\"description\":\"Discover tools and resources for agriculture and agri-food projects.\",\"breadcrumb\":{\"@id\":\"https:\\\/\\\/sadcmaria.qc.ca\\\/en\\\/ressources-for-agriculture\\\/#breadcrumb\"},\"inLanguage\":\"en-US\",\"potentialAction\":[{\"@type\":\"ReadAction\",\"target\":[\"https:\\\/\\\/sadcmaria.qc.ca\\\/en\\\/ressources-for-agriculture\\\/\"]}]},{\"@type\":\"BreadcrumbList\",\"@id\":\"https:\\\/\\\/sadcmaria.qc.ca\\\/en\\\/ressources-for-agriculture\\\/#breadcrumb\",\"itemListElement\":[{\"@type\":\"ListItem\",\"position\":1,\"name\":\"Accueil\",\"item\":\"https:\\\/\\\/sadcmaria.qc.ca\\\/en\\\/\"},{\"@type\":\"ListItem\",\"position\":2,\"name\":\"Ressources for agriculture\"}]},{\"@type\":\"WebSite\",\"@id\":\"https:\\\/\\\/sadcmaria.qc.ca\\\/en\\\/#website\",\"url\":\"https:\\\/\\\/sadcmaria.qc.ca\\\/en\\\/\",\"name\":\"SADC Maria-Chapdelaine\",\"description\":\"Aide financi\u00e8re et accompagnement aux entreprises et collectivit\u00e9s\",\"publisher\":{\"@id\":\"https:\\\/\\\/sadcmaria.qc.ca\\\/en\\\/#organization\"},\"potentialAction\":[{\"@type\":\"SearchAction\",\"target\":{\"@type\":\"EntryPoint\",\"urlTemplate\":\"https:\\\/\\\/sadcmaria.qc.ca\\\/en\\\/?s={search_term_string}\"},\"query-input\":{\"@type\":\"PropertyValueSpecification\",\"valueRequired\":true,\"valueName\":\"search_term_string\"}}],\"inLanguage\":\"en-US\"},{\"@type\":\"Organization\",\"@id\":\"https:\\\/\\\/sadcmaria.qc.ca\\\/en\\\/#organization\",\"name\":\"SADC Maria-Chapdelaine\",\"url\":\"https:\\\/\\\/sadcmaria.qc.ca\\\/en\\\/\",\"logo\":{\"@type\":\"ImageObject\",\"inLanguage\":\"en-US\",\"@id\":\"https:\\\/\\\/sadcmaria.qc.ca\\\/en\\\/#\\\/schema\\\/logo\\\/image\\\/\",\"url\":\"https:\\\/\\\/sadcmaria.qc.ca\\\/wp-content\\\/uploads\\\/2023\\\/12\\\/logo.png\",\"contentUrl\":\"https:\\\/\\\/sadcmaria.qc.ca\\\/wp-content\\\/uploads\\\/2023\\\/12\\\/logo.png\",\"width\":1024,\"height\":512,\"caption\":\"SADC Maria-Chapdelaine\"},\"image\":{\"@id\":\"https:\\\/\\\/sadcmaria.qc.ca\\\/en\\\/#\\\/schema\\\/logo\\\/image\\\/\"},\"sameAs\":[\"https:\\\/\\\/www.facebook.com\\\/sadcmariachapdelaine\\\/\"]}]}<\/script>\n<!-- \/ Yoast SEO Premium plugin. -->","yoast_head_json":{"title":"Ressources for agriculture - SADC Maria-Chapdelaine","description":"Discover tools and resources for agriculture and agri-food projects.","robots":{"index":"index","follow":"follow","max-snippet":"max-snippet:-1","max-image-preview":"max-image-preview:large","max-video-preview":"max-video-preview:-1"},"canonical":"https:\/\/sadcmaria.qc.ca\/en\/ressources-for-agriculture\/","og_locale":"en_US","og_type":"article","og_title":"Ressources for agriculture","og_description":"Discover tools and resources for agriculture and agri-food projects.","og_url":"https:\/\/sadcmaria.qc.ca\/en\/ressources-for-agriculture\/","og_site_name":"SADC Maria-Chapdelaine","article_publisher":"https:\/\/www.facebook.com\/sadcmariachapdelaine\/","article_modified_time":"2025-04-30T17:41:15+00:00","twitter_card":"summary_large_image","twitter_misc":{"Est. reading time":"1 minute"},"schema":{"@context":"https:\/\/schema.org","@graph":[{"@type":"WebPage","@id":"https:\/\/sadcmaria.qc.ca\/en\/ressources-for-agriculture\/","url":"https:\/\/sadcmaria.qc.ca\/en\/ressources-for-agriculture\/","name":"Ressources for agriculture - SADC Maria-Chapdelaine","isPartOf":{"@id":"https:\/\/sadcmaria.qc.ca\/en\/#website"},"datePublished":"2023-04-11T13:49:54+00:00","dateModified":"2025-04-30T17:41:15+00:00","description":"Discover tools and resources for agriculture and agri-food projects.","breadcrumb":{"@id":"https:\/\/sadcmaria.qc.ca\/en\/ressources-for-agriculture\/#breadcrumb"},"inLanguage":"en-US","potentialAction":[{"@type":"ReadAction","target":["https:\/\/sadcmaria.qc.ca\/en\/ressources-for-agriculture\/"]}]},{"@type":"BreadcrumbList","@id":"https:\/\/sadcmaria.qc.ca\/en\/ressources-for-agriculture\/#breadcrumb","itemListElement":[{"@type":"ListItem","position":1,"name":"Accueil","item":"https:\/\/sadcmaria.qc.ca\/en\/"},{"@type":"ListItem","position":2,"name":"Ressources for agriculture"}]},{"@type":"WebSite","@id":"https:\/\/sadcmaria.qc.ca\/en\/#website","url":"https:\/\/sadcmaria.qc.ca\/en\/","name":"SADC Maria-Chapdelaine","description":"Aide financi\u00e8re et accompagnement aux entreprises et collectivit\u00e9s","publisher":{"@id":"https:\/\/sadcmaria.qc.ca\/en\/#organization"},"potentialAction":[{"@type":"SearchAction","target":{"@type":"EntryPoint","urlTemplate":"https:\/\/sadcmaria.qc.ca\/en\/?s={search_term_string}"},"query-input":{"@type":"PropertyValueSpecification","valueRequired":true,"valueName":"search_term_string"}}],"inLanguage":"en-US"},{"@type":"Organization","@id":"https:\/\/sadcmaria.qc.ca\/en\/#organization","name":"SADC Maria-Chapdelaine","url":"https:\/\/sadcmaria.qc.ca\/en\/","logo":{"@type":"ImageObject","inLanguage":"en-US","@id":"https:\/\/sadcmaria.qc.ca\/en\/#\/schema\/logo\/image\/","url":"https:\/\/sadcmaria.qc.ca\/wp-content\/uploads\/2023\/12\/logo.png","contentUrl":"https:\/\/sadcmaria.qc.ca\/wp-content\/uploads\/2023\/12\/logo.png","width":1024,"height":512,"caption":"SADC Maria-Chapdelaine"},"image":{"@id":"https:\/\/sadcmaria.qc.ca\/en\/#\/schema\/logo\/image\/"},"sameAs":["https:\/\/www.facebook.com\/sadcmariachapdelaine\/"]}]}},"_links":{"self":[{"href":"https:\/\/sadcmaria.qc.ca\/en\/wp-json\/wp\/v2\/pages\/4891","targetHints":{"allow":["GET"]}}],"collection":[{"href":"https:\/\/sadcmaria.qc.ca\/en\/wp-json\/wp\/v2\/pages"}],"about":[{"href":"https:\/\/sadcmaria.qc.ca\/en\/wp-json\/wp\/v2\/types\/page"}],"author":[{"embeddable":true,"href":"https:\/\/sadcmaria.qc.ca\/en\/wp-json\/wp\/v2\/users\/3"}],"replies":[{"embeddable":true,"href":"https:\/\/sadcmaria.qc.ca\/en\/wp-json\/wp\/v2\/comments?post=4891"}],"version-history":[{"count":7,"href":"https:\/\/sadcmaria.qc.ca\/en\/wp-json\/wp\/v2\/pages\/4891\/revisions"}],"predecessor-version":[{"id":5295,"href":"https:\/\/sadcmaria.qc.ca\/en\/wp-json\/wp\/v2\/pages\/4891\/revisions\/5295"}],"wp:attachment":[{"href":"https:\/\/sadcmaria.qc.ca\/en\/wp-json\/wp\/v2\/media?parent=4891"}],"curies":[{"name":"wp","href":"https:\/\/api.w.org\/{rel}","templated":true}]}}